{"id":4095,"date":"2024-10-15T22:23:24","date_gmt":"2024-10-15T20:23:24","guid":{"rendered":"https:\/\/staudtconsulting.de\/?page_id=4095"},"modified":"2026-01-12T14:52:59","modified_gmt":"2026-01-12T13:52:59","slug":"home","status":"publish","type":"page","link":"https:\/\/staudtconsulting.de\/en\/","title":{"rendered":"Home"},"content":{"rendered":"<main class=\"wp-block-group is-layout-flow wp-container-core-group-is-layout-bb62f62d wp-block-group-is-layout-flow\" style=\"margin-top:0\">\n<div class=\"wp-block-cover is-light has-parallax has-custom-content-position is-position-top-right\" style=\"min-height:1052px;aspect-ratio:unset;\"><div class=\"wp-block-cover__image-background wp-image-4275 has-parallax\" style=\"background-position:38% 0%;background-image:url(https:\/\/staudtconsulting.de\/wp-content\/uploads\/2025\/02\/Prater-ganz-scaled.jpg)\"><\/div><span aria-hidden=\"true\" class=\"wp-block-cover__background has-background-dim-0 has-background-dim\" style=\"background-color:#1960f9\"><\/span><div class=\"wp-block-cover__inner-container has-global-padding is-layout-constrained wp-block-cover-is-layout-constrained\">\n<div style=\"height:0px\" aria-hidden=\"true\" class=\"wp-block-spacer\"><\/div>\n\n\n\n<div class=\"wp-block-buttons is-layout-flex wp-block-buttons-is-layout-flex\">\n<div class=\"wp-block-button is-style-outline is-style-outline--1\"><a class=\"wp-block-button__link has-base-2-color has-contrast-2-background-color has-text-color has-background has-link-color wp-element-button\" href=\"https:\/\/outlook.office.com\/bookwithme\/user\/464c28cb5ac541c8ae0829eea23ae791%40staudtconsulting.de?anonymous&amp;ismsaljsauthenabled\" target=\"_blank\" rel=\"noreferrer noopener\">Start the conversation now<\/a><\/div>\n<\/div>\n<\/div><\/div>\n\n\n\n<div class=\"wp-block-columns is-layout-flex wp-container-core-columns-is-layout-28f84493 wp-block-columns-is-layout-flex\">\n<div class=\"wp-block-column is-layout-flow wp-block-column-is-layout-flow\" style=\"padding-top:0;padding-right:var(--wp--preset--spacing--20);padding-bottom:0;padding-left:var(--wp--preset--spacing--20)\">\n<div style=\"height:29px\" aria-hidden=\"true\" class=\"wp-block-spacer\"><\/div>\n\n\n\n<h2 class=\"wp-block-heading\">About me<\/h2>\n\n\n\n<p>I support companies as a coach, trainer and consultant in personnel and management development. As a divisional manager in a large German-based Group, I have successfully implemented agile transformation of a business unit, the introduction of shared leadership (technical and disciplinary management) and the development of digital learning, among other things. As a coach, I support managers and job-sharing tandems in large and medium-sized companies in junior and senior roles.<\/p>\n\n\n\n<div class=\"wp-block-buttons is-content-justification-center is-layout-flex wp-container-core-buttons-is-layout-a89b3969 wp-block-buttons-is-layout-flex\">\n<div class=\"wp-block-button is-style-fill\"><a class=\"wp-block-button__link has-contrast-2-background-color has-background wp-element-button\" href=\"https:\/\/staudtconsulting.de\/en\/ueber-mich\/\">Learn more<\/a><\/div>\n<\/div>\n<\/div>\n\n\n\n<div class=\"wp-block-column is-layout-flow wp-block-column-is-layout-flow\">\n<div class=\"wp-block-cover is-light\" style=\"min-height:524px;aspect-ratio:unset;\"><img loading=\"lazy\" decoding=\"async\" width=\"2560\" height=\"1150\" class=\"wp-block-cover__image-background wp-image-4207\" alt=\"\" src=\"https:\/\/staudtconsulting.de\/wp-content\/uploads\/2024\/11\/staudtSchak247-JuliaLinksExtraBreit-scaled.jpg\" style=\"object-position:12% 28%\" data-object-fit=\"cover\" data-object-position=\"12% 28%\" srcset=\"https:\/\/staudtconsulting.de\/wp-content\/uploads\/2024\/11\/staudtSchak247-JuliaLinksExtraBreit-scaled.jpg 2560w, https:\/\/staudtconsulting.de\/wp-content\/uploads\/2024\/11\/staudtSchak247-JuliaLinksExtraBreit-300x135.jpg 300w, https:\/\/staudtconsulting.de\/wp-content\/uploads\/2024\/11\/staudtSchak247-JuliaLinksExtraBreit-1024x460.jpg 1024w, https:\/\/staudtconsulting.de\/wp-content\/uploads\/2024\/11\/staudtSchak247-JuliaLinksExtraBreit-768x345.jpg 768w, https:\/\/staudtconsulting.de\/wp-content\/uploads\/2024\/11\/staudtSchak247-JuliaLinksExtraBreit-1536x690.jpg 1536w, https:\/\/staudtconsulting.de\/wp-content\/uploads\/2024\/11\/staudtSchak247-JuliaLinksExtraBreit-2048x920.jpg 2048w\" sizes=\"auto, (max-width: 2560px) 100vw, 2560px\" \/><span aria-hidden=\"true\" class=\"wp-block-cover__background has-background-dim-0 has-background-dim\" style=\"background-color:#c5c1bb\"><\/span><div class=\"wp-block-cover__inner-container is-layout-flow wp-block-cover-is-layout-flow\">\n<p class=\"has-text-align-center has-large-font-size\"><\/p>\n<\/div><\/div>\n<\/div>\n<\/div>\n\n\n\n<div style=\"height:25px\" aria-hidden=\"true\" class=\"wp-block-spacer\"><\/div>\n<\/main>\n\n\n\n<h2 class=\"wp-block-heading has-text-align-left\" id=\"angebot\" style=\"margin-right:var(--wp--preset--spacing--20);margin-left:var(--wp--preset--spacing--20)\">My offer<\/h2>\n\n\n\n<div class=\"wp-block-group is-layout-flow wp-block-group-is-layout-flow\" style=\"padding-top:var(--wp--preset--spacing--10);padding-right:var(--wp--preset--spacing--30);padding-bottom:var(--wp--preset--spacing--10);padding-left:var(--wp--preset--spacing--30)\">\n<div class=\"wp-block-columns is-layout-flex wp-container-core-columns-is-layout-28f84493 wp-block-columns-is-layout-flex\">\n<div class=\"wp-block-column is-layout-flow wp-block-column-is-layout-flow\" style=\"flex-basis:25%\">\n<div class=\"wp-block-group has-gradient-1-gradient-background has-background is-vertical is-layout-flex wp-container-core-group-is-layout-3c5f77ae wp-block-group-is-layout-flex\" style=\"padding-top:var(--wp--preset--spacing--10);padding-right:var(--wp--preset--spacing--10);padding-bottom:var(--wp--preset--spacing--10);padding-left:var(--wp--preset--spacing--10)\">\n<figure class=\"wp-block-image size-full is-style-rounded is-style-rounded--2\"><img loading=\"lazy\" decoding=\"async\" width=\"2560\" height=\"1590\" src=\"https:\/\/staudtconsulting.de\/wp-content\/uploads\/2024\/10\/Anna_Julia_laufend-scaled.jpg\" alt=\"\" class=\"wp-image-3957\" style=\"aspect-ratio:16\/9;object-fit:cover\" srcset=\"https:\/\/staudtconsulting.de\/wp-content\/uploads\/2024\/10\/Anna_Julia_laufend-scaled.jpg 2560w, https:\/\/staudtconsulting.de\/wp-content\/uploads\/2024\/10\/Anna_Julia_laufend-300x186.jpg 300w, https:\/\/staudtconsulting.de\/wp-content\/uploads\/2024\/10\/Anna_Julia_laufend-1024x636.jpg 1024w, https:\/\/staudtconsulting.de\/wp-content\/uploads\/2024\/10\/Anna_Julia_laufend-768x477.jpg 768w, https:\/\/staudtconsulting.de\/wp-content\/uploads\/2024\/10\/Anna_Julia_laufend-1536x954.jpg 1536w, https:\/\/staudtconsulting.de\/wp-content\/uploads\/2024\/10\/Anna_Julia_laufend-2048x1272.jpg 2048w\" sizes=\"auto, (max-width: 2560px) 100vw, 2560px\" \/><\/figure>\n\n\n\n<h4 class=\"wp-block-heading\">Coaching<\/h4>\n\n\n\n<ul class=\"wp-block-list is-style-default\">\n<li>Business coaching for managers<\/li>\n\n\n\n<li>Onboarding &amp; support for jobsharing tandems <a href=\"https:\/\/www.jobsharing-hub.de\/\" target=\"_blank\" rel=\"noreferrer noopener\">The Jobsharing Hub<\/a>)<\/li>\n\n\n\n<li>Coaching of agile dual leadership (professional and disciplinary leadership)<\/li>\n<\/ul>\n<\/div>\n<\/div>\n\n\n\n<div class=\"wp-block-column is-layout-flow wp-block-column-is-layout-flow\" style=\"flex-basis:25%\">\n<div class=\"wp-block-group has-gradient-1-gradient-background has-background is-vertical is-layout-flex wp-container-core-group-is-layout-8c1edb4f wp-block-group-is-layout-flex\" style=\"padding-top:var(--wp--preset--spacing--10);padding-right:var(--wp--preset--spacing--10);padding-bottom:var(--wp--preset--spacing--10);padding-left:var(--wp--preset--spacing--10)\">\n<figure class=\"wp-block-image size-full is-style-rounded is-style-rounded--3\"><img loading=\"lazy\" decoding=\"async\" width=\"1000\" height=\"667\" src=\"https:\/\/staudtconsulting.de\/wp-content\/uploads\/2024\/10\/AdobeStock_62553216_Preview.jpeg\" alt=\"\" class=\"wp-image-3956\" style=\"aspect-ratio:16\/9;object-fit:cover\" srcset=\"https:\/\/staudtconsulting.de\/wp-content\/uploads\/2024\/10\/AdobeStock_62553216_Preview.jpeg 1000w, https:\/\/staudtconsulting.de\/wp-content\/uploads\/2024\/10\/AdobeStock_62553216_Preview-300x200.jpeg 300w, https:\/\/staudtconsulting.de\/wp-content\/uploads\/2024\/10\/AdobeStock_62553216_Preview-768x512.jpeg 768w\" sizes=\"auto, (max-width: 1000px) 100vw, 1000px\" \/><\/figure>\n\n\n\n<h4 class=\"wp-block-heading\">Consulting<\/h4>\n\n\n\n<ul class=\"wp-block-list\">\n<li>Making management development fit for the future<\/li>\n\n\n\n<li>Accompanying digital transformation<\/li>\n\n\n\n<li>Introducing Jobsharing <a href=\"https:\/\/www.jobsharing-hub.de\/\" target=\"_blank\" rel=\"noreferrer noopener\">The Jobsharing Hub<\/a>)<\/li>\n\n\n\n<li>Establishing agile working methods<\/li>\n<\/ul>\n<\/div>\n<\/div>\n\n\n\n<div class=\"wp-block-column is-layout-flow wp-block-column-is-layout-flow\" style=\"flex-basis:25%\">\n<div class=\"wp-block-group has-gradient-1-gradient-background has-background is-vertical is-layout-flex wp-container-core-group-is-layout-8c1edb4f wp-block-group-is-layout-flex\" style=\"padding-top:var(--wp--preset--spacing--10);padding-right:var(--wp--preset--spacing--10);padding-bottom:var(--wp--preset--spacing--10);padding-left:var(--wp--preset--spacing--10)\">\n<figure class=\"wp-block-image size-full is-style-rounded is-style-rounded--4\"><img loading=\"lazy\" decoding=\"async\" width=\"1000\" height=\"667\" src=\"https:\/\/staudtconsulting.de\/wp-content\/uploads\/2024\/10\/AdobeStock_181785078_Preview-1.jpeg\" alt=\"\" class=\"wp-image-3954\" style=\"aspect-ratio:16\/9;object-fit:cover\" srcset=\"https:\/\/staudtconsulting.de\/wp-content\/uploads\/2024\/10\/AdobeStock_181785078_Preview-1.jpeg 1000w, https:\/\/staudtconsulting.de\/wp-content\/uploads\/2024\/10\/AdobeStock_181785078_Preview-1-300x200.jpeg 300w, https:\/\/staudtconsulting.de\/wp-content\/uploads\/2024\/10\/AdobeStock_181785078_Preview-1-768x512.jpeg 768w\" sizes=\"auto, (max-width: 1000px) 100vw, 1000px\" \/><\/figure>\n\n\n\n<h4 class=\"wp-block-heading\">Trainings and workshops<\/h4>\n\n\n\n<ul class=\"wp-block-list\">\n<li>Leadership communication<\/li>\n\n\n\n<li>Teamentwicklung<\/li>\n\n\n\n<li>Agile Methoden &amp; Agile Haltung<\/li>\n\n\n\n<li>Female empowerment<\/li>\n\n\n\n<li>Promoting diversity<\/li>\n\n\n\n<li>Kritik- und Konfliktgespr\u00e4che f\u00fchren<\/li>\n<\/ul>\n<\/div>\n<\/div>\n\n\n\n<div class=\"wp-block-column is-layout-flow wp-block-column-is-layout-flow\" style=\"flex-basis:25%\">\n<div class=\"wp-block-group has-gradient-1-gradient-background has-background is-vertical is-layout-flex wp-container-core-group-is-layout-8c1edb4f wp-block-group-is-layout-flex\" style=\"padding-top:var(--wp--preset--spacing--10);padding-right:var(--wp--preset--spacing--10);padding-bottom:var(--wp--preset--spacing--10);padding-left:var(--wp--preset--spacing--10)\">\n<figure class=\"wp-block-image size-full is-style-rounded is-style-rounded--5\"><img loading=\"lazy\" decoding=\"async\" width=\"1440\" height=\"960\" src=\"https:\/\/staudtconsulting.de\/wp-content\/uploads\/2024\/10\/Julia.jpg\" alt=\"\" class=\"wp-image-3907\" style=\"aspect-ratio:16\/9;object-fit:cover\" srcset=\"https:\/\/staudtconsulting.de\/wp-content\/uploads\/2024\/10\/Julia.jpg 1440w, https:\/\/staudtconsulting.de\/wp-content\/uploads\/2024\/10\/Julia-300x200.jpg 300w, https:\/\/staudtconsulting.de\/wp-content\/uploads\/2024\/10\/Julia-1024x683.jpg 1024w, https:\/\/staudtconsulting.de\/wp-content\/uploads\/2024\/10\/Julia-768x512.jpg 768w\" sizes=\"auto, (max-width: 1440px) 100vw, 1440px\" \/><\/figure>\n\n\n\n<h4 class=\"wp-block-heading\">Key Notes<\/h4>\n\n\n\n<ul class=\"wp-block-list\">\n<li>Rethinking leadership<\/li>\n\n\n\n<li>Successful with dual leadership<\/li>\n\n\n\n<li>Implementing change: from 'analysis paralisis' to \u2018getting things done\u2019<\/li>\n\n\n\n<li>Challenges in the working world - really just an issue of GenZ?<\/li>\n<\/ul>\n<\/div>\n<\/div>\n<\/div>\n\n\n\n<p class=\"has-text-align-center\"><br>I offer all services in presence and remote as well as in German and English.<\/p>\n<\/div>\n\n\n\n<div class=\"wp-block-group has-accent-4-background-color has-background is-layout-flow wp-block-group-is-layout-flow\">\n<div style=\"height:12px\" aria-hidden=\"true\" class=\"wp-block-spacer\"><\/div>\n\n\n\n<p class=\"has-text-align-center\">Let's find out together in a personal consultation how I can best support you<\/p>\n\n\n\n<div class=\"wp-block-buttons is-content-justification-center is-layout-flex wp-container-core-buttons-is-layout-a89b3969 wp-block-buttons-is-layout-flex\">\n<div class=\"wp-block-button\"><a class=\"wp-block-button__link has-contrast-2-background-color has-background wp-element-button\" href=\"https:\/\/outlook.office.com\/bookwithme\/user\/464c28cb5ac541c8ae0829eea23ae791%40staudtconsulting.de?anonymous&amp;ismsaljsauthenabled\" style=\"padding-top:var(--wp--preset--spacing--10);padding-right:var(--wp--preset--spacing--10);padding-bottom:var(--wp--preset--spacing--10);padding-left:var(--wp--preset--spacing--10)\" target=\"_blank\" rel=\"noreferrer noopener\">Arrange an appointment<\/a><\/div>\n<\/div>\n\n\n\n<div style=\"height:14px\" aria-hidden=\"true\" class=\"wp-block-spacer\"><\/div>\n<\/div>\n\n\n\n<div style=\"height:35px\" aria-hidden=\"true\" class=\"wp-block-spacer\"><\/div>\n\n\n\n<figure class=\"wp-block-pullquote has-accent-background-color has-background\" style=\"border-radius:35px;margin-top:0;margin-bottom:0;padding-right:0;padding-left:0\"><blockquote><p>Basically, it is the connections with people that give life its value.<\/p><cite>Wilhelm von Humboldt<\/cite><\/blockquote><\/figure>\n\n\n<div class=\"yoast-breadcrumbs\"><span><span><a href=\"https:\/\/staudtconsulting.de\/en\/\">Startseite<\/a><\/span> \u00bb <span class=\"breadcrumb_last\" aria-current=\"page\">Home<\/span><\/span><\/div>\n\n\n<p><\/p>","protected":false},"excerpt":{"rendered":"<p>\u00dcber mich Ich unterst\u00fctze Unternehmen als Coach, Trainerin und Beraterin in der Personal- und F\u00fchrungskr\u00e4fteentwicklung. Als Bereichsleiterin im Konzern habe ich u.a. die agile Transformation meiner Gesch\u00e4ftseinheit, die Einf\u00fchrung geteilter F\u00fchrung (fachliche und disziplinarische Leitung) und den Aufbau des digitalen Lernens erfolgreich umgesetzt. Als Coach begleite ich F\u00fchrungskr\u00e4fte und Jobsharing-Tandems in gro\u00dfen und mittelst\u00e4ndischen Unternehmen [&hellip;]<\/p>","protected":false},"author":1,"featured_media":0,"parent":0,"menu_order":0,"comment_status":"closed","ping_status":"closed","template":"wp-custom-template-staudt-consulting-seiten-vorlage-mit-schmalem-bild-oben","meta":{"footnotes":""},"class_list":["post-4095","page","type-page","status-publish","hentry"],"yoast_head":"<!-- This site is optimized with the Yoast SEO plugin v26.7 - https:\/\/yoast.com\/wordpress\/plugins\/seo\/ -->\n<title>Home - Staudt Consulting<\/title>\n<meta name=\"description\" content=\"Coaching, Training und Beratung f\u00fcr F\u00fchrungskr\u00e4fte: Co-Leadership, agile Zusammenarbeit und nachhaltige Organisationsentwicklung.\" \/>\n<meta name=\"robots\" content=\"index, follow, max-snippet:-1, max-image-preview:large, max-video-preview:-1\" \/>\n<link rel=\"canonical\" href=\"https:\/\/staudtconsulting.de\/en\/\" \/>\n<meta property=\"og:locale\" content=\"en_GB\" \/>\n<meta property=\"og:type\" content=\"article\" \/>\n<meta property=\"og:title\" content=\"Home - Staudt Consulting\" \/>\n<meta property=\"og:description\" content=\"Coaching, Training und Beratung f\u00fcr F\u00fchrungskr\u00e4fte: Co-Leadership, agile Zusammenarbeit und nachhaltige Organisationsentwicklung.\" \/>\n<meta property=\"og:url\" content=\"https:\/\/staudtconsulting.de\/en\/\" \/>\n<meta property=\"og:site_name\" content=\"Staudt Consulting\" \/>\n<meta property=\"article:modified_time\" content=\"2026-01-12T13:52:59+00:00\" \/>\n<meta property=\"og:image\" content=\"https:\/\/staudtconsulting.de\/wp-content\/uploads\/2024\/11\/staudtSchak247-JuliaLinksExtraBreit-scaled.jpg\" \/>\n\t<meta property=\"og:image:width\" content=\"2560\" \/>\n\t<meta property=\"og:image:height\" content=\"1150\" \/>\n\t<meta property=\"og:image:type\" content=\"image\/jpeg\" \/>\n<meta name=\"twitter:card\" content=\"summary_large_image\" \/>\n<meta name=\"twitter:label1\" content=\"Estimated reading time\" \/>\n\t<meta name=\"twitter:data1\" content=\"3 minutes\" \/>\n<script type=\"application\/ld+json\" class=\"yoast-schema-graph\">{\"@context\":\"https:\/\/schema.org\",\"@graph\":[{\"@type\":\"WebPage\",\"@id\":\"https:\/\/staudtconsulting.de\/\",\"url\":\"https:\/\/staudtconsulting.de\/\",\"name\":\"Home - Staudt Consulting\",\"isPartOf\":{\"@id\":\"https:\/\/staudtconsulting.de\/#website\"},\"primaryImageOfPage\":{\"@id\":\"https:\/\/staudtconsulting.de\/#primaryimage\"},\"image\":{\"@id\":\"https:\/\/staudtconsulting.de\/#primaryimage\"},\"thumbnailUrl\":\"https:\/\/staudtconsulting.de\/wp-content\/uploads\/2024\/11\/staudtSchak247-JuliaLinksExtraBreit-scaled.jpg\",\"datePublished\":\"2024-10-15T20:23:24+00:00\",\"dateModified\":\"2026-01-12T13:52:59+00:00\",\"description\":\"Coaching, Training und Beratung f\u00fcr F\u00fchrungskr\u00e4fte: Co-Leadership, agile Zusammenarbeit und nachhaltige Organisationsentwicklung.\",\"breadcrumb\":{\"@id\":\"https:\/\/staudtconsulting.de\/#breadcrumb\"},\"inLanguage\":\"en-GB\",\"potentialAction\":[{\"@type\":\"ReadAction\",\"target\":[\"https:\/\/staudtconsulting.de\/\"]}]},{\"@type\":\"ImageObject\",\"inLanguage\":\"en-GB\",\"@id\":\"https:\/\/staudtconsulting.de\/#primaryimage\",\"url\":\"https:\/\/staudtconsulting.de\/wp-content\/uploads\/2024\/11\/staudtSchak247-JuliaLinksExtraBreit-scaled.jpg\",\"contentUrl\":\"https:\/\/staudtconsulting.de\/wp-content\/uploads\/2024\/11\/staudtSchak247-JuliaLinksExtraBreit-scaled.jpg\"},{\"@type\":\"BreadcrumbList\",\"@id\":\"https:\/\/staudtconsulting.de\/#breadcrumb\",\"itemListElement\":[{\"@type\":\"ListItem\",\"position\":1,\"name\":\"Startseite\",\"item\":\"https:\/\/staudtconsulting.de\/\"},{\"@type\":\"ListItem\",\"position\":2,\"name\":\"Home\"}]},{\"@type\":\"WebSite\",\"@id\":\"https:\/\/staudtconsulting.de\/#website\",\"url\":\"https:\/\/staudtconsulting.de\/\",\"name\":\"Staudt Consulting\",\"description\":\"Co-Leadership | Collaboration | Coaching\",\"publisher\":{\"@id\":\"https:\/\/staudtconsulting.de\/#organization\"},\"potentialAction\":[{\"@type\":\"SearchAction\",\"target\":{\"@type\":\"EntryPoint\",\"urlTemplate\":\"https:\/\/staudtconsulting.de\/?s={search_term_string}\"},\"query-input\":{\"@type\":\"PropertyValueSpecification\",\"valueRequired\":true,\"valueName\":\"search_term_string\"}}],\"inLanguage\":\"en-GB\"},{\"@type\":\"Organization\",\"@id\":\"https:\/\/staudtconsulting.de\/#organization\",\"name\":\"Staudt Consulting\",\"url\":\"https:\/\/staudtconsulting.de\/\",\"logo\":{\"@type\":\"ImageObject\",\"inLanguage\":\"en-GB\",\"@id\":\"https:\/\/staudtconsulting.de\/#\/schema\/logo\/image\/\",\"url\":\"https:\/\/staudtconsulting.de\/wp-content\/uploads\/2024\/11\/LogoBildFuehrungHoch2_246x246px.png\",\"contentUrl\":\"https:\/\/staudtconsulting.de\/wp-content\/uploads\/2024\/11\/LogoBildFuehrungHoch2_246x246px.png\",\"width\":246,\"height\":246,\"caption\":\"Staudt Consulting\"},\"image\":{\"@id\":\"https:\/\/staudtconsulting.de\/#\/schema\/logo\/image\/\"},\"sameAs\":[\"https:\/\/www.linkedin.com\/in\/julia-staudt-profil\/\"]}]}<\/script>\n<!-- \/ Yoast SEO plugin. -->","yoast_head_json":{"title":"Home - Staudt Consulting","description":"Coaching, Training und Beratung f\u00fcr F\u00fchrungskr\u00e4fte: Co-Leadership, agile Zusammenarbeit und nachhaltige Organisationsentwicklung.","robots":{"index":"index","follow":"follow","max-snippet":"max-snippet:-1","max-image-preview":"max-image-preview:large","max-video-preview":"max-video-preview:-1"},"canonical":"https:\/\/staudtconsulting.de\/en\/","og_locale":"en_GB","og_type":"article","og_title":"Home - Staudt Consulting","og_description":"Coaching, Training und Beratung f\u00fcr F\u00fchrungskr\u00e4fte: Co-Leadership, agile Zusammenarbeit und nachhaltige Organisationsentwicklung.","og_url":"https:\/\/staudtconsulting.de\/en\/","og_site_name":"Staudt Consulting","article_modified_time":"2026-01-12T13:52:59+00:00","og_image":[{"width":2560,"height":1150,"url":"https:\/\/staudtconsulting.de\/wp-content\/uploads\/2024\/11\/staudtSchak247-JuliaLinksExtraBreit-scaled.jpg","type":"image\/jpeg"}],"twitter_card":"summary_large_image","twitter_misc":{"Estimated reading time":"3 minutes"},"schema":{"@context":"https:\/\/schema.org","@graph":[{"@type":"WebPage","@id":"https:\/\/staudtconsulting.de\/","url":"https:\/\/staudtconsulting.de\/","name":"Home - Staudt Consulting","isPartOf":{"@id":"https:\/\/staudtconsulting.de\/#website"},"primaryImageOfPage":{"@id":"https:\/\/staudtconsulting.de\/#primaryimage"},"image":{"@id":"https:\/\/staudtconsulting.de\/#primaryimage"},"thumbnailUrl":"https:\/\/staudtconsulting.de\/wp-content\/uploads\/2024\/11\/staudtSchak247-JuliaLinksExtraBreit-scaled.jpg","datePublished":"2024-10-15T20:23:24+00:00","dateModified":"2026-01-12T13:52:59+00:00","description":"Coaching, Training und Beratung f\u00fcr F\u00fchrungskr\u00e4fte: Co-Leadership, agile Zusammenarbeit und nachhaltige Organisationsentwicklung.","breadcrumb":{"@id":"https:\/\/staudtconsulting.de\/#breadcrumb"},"inLanguage":"en-GB","potentialAction":[{"@type":"ReadAction","target":["https:\/\/staudtconsulting.de\/"]}]},{"@type":"ImageObject","inLanguage":"en-GB","@id":"https:\/\/staudtconsulting.de\/#primaryimage","url":"https:\/\/staudtconsulting.de\/wp-content\/uploads\/2024\/11\/staudtSchak247-JuliaLinksExtraBreit-scaled.jpg","contentUrl":"https:\/\/staudtconsulting.de\/wp-content\/uploads\/2024\/11\/staudtSchak247-JuliaLinksExtraBreit-scaled.jpg"},{"@type":"BreadcrumbList","@id":"https:\/\/staudtconsulting.de\/#breadcrumb","itemListElement":[{"@type":"ListItem","position":1,"name":"Startseite","item":"https:\/\/staudtconsulting.de\/"},{"@type":"ListItem","position":2,"name":"Home"}]},{"@type":"WebSite","@id":"https:\/\/staudtconsulting.de\/#website","url":"https:\/\/staudtconsulting.de\/","name":"Staudt Consulting","description":"Co-Leadership | Collaboration | Coaching","publisher":{"@id":"https:\/\/staudtconsulting.de\/#organization"},"potentialAction":[{"@type":"SearchAction","target":{"@type":"EntryPoint","urlTemplate":"https:\/\/staudtconsulting.de\/?s={search_term_string}"},"query-input":{"@type":"PropertyValueSpecification","valueRequired":true,"valueName":"search_term_string"}}],"inLanguage":"en-GB"},{"@type":"Organization","@id":"https:\/\/staudtconsulting.de\/#organization","name":"Staudt Consulting","url":"https:\/\/staudtconsulting.de\/","logo":{"@type":"ImageObject","inLanguage":"en-GB","@id":"https:\/\/staudtconsulting.de\/#\/schema\/logo\/image\/","url":"https:\/\/staudtconsulting.de\/wp-content\/uploads\/2024\/11\/LogoBildFuehrungHoch2_246x246px.png","contentUrl":"https:\/\/staudtconsulting.de\/wp-content\/uploads\/2024\/11\/LogoBildFuehrungHoch2_246x246px.png","width":246,"height":246,"caption":"Staudt Consulting"},"image":{"@id":"https:\/\/staudtconsulting.de\/#\/schema\/logo\/image\/"},"sameAs":["https:\/\/www.linkedin.com\/in\/julia-staudt-profil\/"]}]}},"_links":{"self":[{"href":"https:\/\/staudtconsulting.de\/en\/wp-json\/wp\/v2\/pages\/4095","targetHints":{"allow":["GET"]}}],"collection":[{"href":"https:\/\/staudtconsulting.de\/en\/wp-json\/wp\/v2\/pages"}],"about":[{"href":"https:\/\/staudtconsulting.de\/en\/wp-json\/wp\/v2\/types\/page"}],"author":[{"embeddable":true,"href":"https:\/\/staudtconsulting.de\/en\/wp-json\/wp\/v2\/users\/1"}],"replies":[{"embeddable":true,"href":"https:\/\/staudtconsulting.de\/en\/wp-json\/wp\/v2\/comments?post=4095"}],"version-history":[{"count":44,"href":"https:\/\/staudtconsulting.de\/en\/wp-json\/wp\/v2\/pages\/4095\/revisions"}],"predecessor-version":[{"id":4326,"href":"https:\/\/staudtconsulting.de\/en\/wp-json\/wp\/v2\/pages\/4095\/revisions\/4326"}],"wp:attachment":[{"href":"https:\/\/staudtconsulting.de\/en\/wp-json\/wp\/v2\/media?parent=4095"}],"curies":[{"name":"wp","href":"https:\/\/api.w.org\/{rel}","templated":true}]}}